{"id":1321,"date":"2014-08-21T13:32:04","date_gmt":"2014-08-21T13:32:04","guid":{"rendered":"http:\/\/www.finaxis.com.br\/politica-de-privacidade-2\/"},"modified":"2021-09-03T10:21:10","modified_gmt":"2021-09-03T13:21:10","slug":"politica-de-privacidade","status":"publish","type":"page","link":"https:\/\/finaxis.com.br\/en\/politica-de-privacidade\/","title":{"rendered":"Pol\u00edtica de Privacidade"},"content":{"rendered":"<p><strong>Pol\u00edtica de Privacidade<\/strong><\/p>\n<p>A\u00a0pol\u00edtica de privacidade do\u00a0<strong>FINAXIS<\/strong> foi formulada no intuito de garantir aos usu\u00e1rios dos nossos produtos e servi\u00e7os via portal, seguran\u00e7a e privacidade dos dados coletados.<\/p>\n<p>O nosso compromisso consiste em armazenar as informa\u00e7\u00f5es obtidas com seguran\u00e7a e sigilo, utilizar processo de criptografia de dados e n\u00e3o fornecer referidas informa\u00e7\u00f5es exceto em caso de determina\u00e7\u00e3o legal.<\/p>\n<p><strong>\u00a0<\/strong><strong>Dados pessoais<\/strong><\/p>\n<p>O Finaxis realiza o tratamento de dados pessoais de acordo com as bases legais previstas na Lei Geral de Prote\u00e7\u00e3o de Dados (LGPD), como por exemplo, para cumprimento de obriga\u00e7\u00f5es legais e regulat\u00f3rias; execu\u00e7\u00e3o de contrato; prote\u00e7\u00e3o do cr\u00e9dito; para atender os interesses leg\u00edtimos do Finaxis, dos nossos clientes e de terceiros; prote\u00e7\u00e3o da vida ou da incolumidade f\u00edsica do Titular ou de terceiros; nas situa\u00e7\u00f5es em que o consentimento do Titular dos Dados Pessoais for coletado e para o exerc\u00edcio regular de direitos.<\/p>\n<p>Poderemos tratar Dados Pessoais e outras informa\u00e7\u00f5es para diversas finalidades relacionadas ao desempenho das atividades do Conglomerado Finaxis, conforme exemplos descritos abaixo:<\/p>\n<p>o Realizar as nossas atividades, prestar os nossos servi\u00e7os e fornecer os nossos produtos no nosso relacionamento com voc\u00ea:<\/p>\n<ul>\n<li>realizar e manter o seu cadastro atualizado, verificar sua identidade e eventuais outras informa\u00e7\u00f5es;<\/li>\n<li>dar cumprimento e realizar a\u00e7\u00f5es relacionadas ao contrato, inclusive etapas anteriores \u00e0 contrata\u00e7\u00e3o, durante e ap\u00f3s a contrata\u00e7\u00e3o. Atividades como avalia\u00e7\u00e3o de propostas de contrata\u00e7\u00e3o, atendimento nos nossos canais e processos operacionais para garantir a melhor experi\u00eancia e atendimento para os nossos clientes;<\/li>\n<li>atender os nossos clientes, potenciais clientes e terceiros, inclusive tratando d\u00favidas, reclama\u00e7\u00f5es, sinistros, solicita\u00e7\u00f5es e suporte pelos nossos canais de atendimento, possibilitando o seu contato conosco sempre que necess\u00e1rio, e o contr\u00e1rio tamb\u00e9m;<\/li>\n<li>envio de comunica\u00e7\u00f5es sobre produtos e servi\u00e7os contratados por voc\u00ea, necess\u00e1rios para o cumprimento do contrato;<\/li>\n<li>avalia\u00e7\u00f5es e exerc\u00edcio regular de direitos necess\u00e1rios para execu\u00e7\u00e3o de contratos, como por exemplo, informa\u00e7\u00f5es sobre a sua sa\u00fade necess\u00e1rias para a contrata\u00e7\u00e3o de determinados produtos, como de seguros, ou ainda para a avalia\u00e7\u00e3o de sinistros relacionados.<\/li>\n<\/ul>\n<p><strong>Uso de informa\u00e7\u00f5es<\/strong><\/p>\n<p>As informa\u00e7\u00f5es coletadas s\u00e3o armazenadas em nossos sistemas t\u00e3o somente para fornecer dados estat\u00edsticos gen\u00e9ricos sobre o acesso e a utiliza\u00e7\u00e3o efetiva das informa\u00e7\u00f5es disponibilizadas.<\/p>\n<p><strong>Seguran\u00e7a<\/strong><\/p>\n<p>O Grupo Petra atrav\u00e9s da presente assume o compromisso quanto \u00e0 seguran\u00e7a das informa\u00e7\u00f5es no acesso do portal, atrav\u00e9s de ferramentas de criptografia, firewall e softwares de seguran\u00e7a.<\/p>\n<p>A pol\u00edtica de privacidade est\u00e1 sujeita a altera\u00e7\u00f5es em raz\u00e3o das atualiza\u00e7\u00f5es constantes de nosso portal, portanto recomendamos a verifica\u00e7\u00e3o peri\u00f3dica.<\/p>\n","protected":false},"excerpt":{"rendered":"<p>Pol\u00edtica de Privacidade A\u00a0pol\u00edtica de privacidade do\u00a0FINAXIS foi formulada no intuito de garantir aos usu\u00e1rios dos nossos produtos e servi\u00e7os via portal, seguran\u00e7a e privacidade dos dados coletados. O nosso compromisso consiste em armazenar as informa\u00e7\u00f5es obtidas com seguran\u00e7a e sigilo, utilizar processo de criptografia de dados e n\u00e3o fornecer referidas informa\u00e7\u00f5es exceto em caso [&hellip;]<\/p>\n","protected":false},"author":1,"featured_media":0,"parent":0,"menu_order":0,"comment_status":"open","ping_status":"open","template":"","meta":[],"_links":{"self":[{"href":"https:\/\/finaxis.com.br\/en\/wp-json\/wp\/v2\/pages\/1321"}],"collection":[{"href":"https:\/\/finaxis.com.br\/en\/wp-json\/wp\/v2\/pages"}],"about":[{"href":"https:\/\/finaxis.com.br\/en\/wp-json\/wp\/v2\/types\/page"}],"author":[{"embeddable":true,"href":"https:\/\/finaxis.com.br\/en\/wp-json\/wp\/v2\/users\/1"}],"replies":[{"embeddable":true,"href":"https:\/\/finaxis.com.br\/en\/wp-json\/wp\/v2\/comments?post=1321"}],"version-history":[{"count":3,"href":"https:\/\/finaxis.com.br\/en\/wp-json\/wp\/v2\/pages\/1321\/revisions"}],"predecessor-version":[{"id":11115,"href":"https:\/\/finaxis.com.br\/en\/wp-json\/wp\/v2\/pages\/1321\/revisions\/11115"}],"wp:attachment":[{"href":"https:\/\/finaxis.com.br\/en\/wp-json\/wp\/v2\/media?parent=1321"}],"curies":[{"name":"wp","href":"https:\/\/api.w.org\/{rel}","templated":true}]}}