{"id":1301,"date":"2014-08-04T06:54:22","date_gmt":"2014-08-04T06:54:22","guid":{"rendered":"http:\/\/www.finaxis.com.br\/disclaimer-2\/"},"modified":"2014-11-07T09:40:48","modified_gmt":"2014-11-07T12:40:48","slug":"disclaimer","status":"publish","type":"page","link":"https:\/\/finaxis.com.br\/en\/disclaimer\/","title":{"rendered":"Disclaimer"},"content":{"rendered":"<p><span class=\"ms-rteFontFace-8\">Fundos de investimento n\u00e3o contam com garantia do administrador do fundo, do gestor da carteira, de qualquer mecanismo de seguro ou, ainda, do fundo garantidor de cr\u00e9ditos &#8211; FGC.<\/span><\/p>\n<p><span class=\"ms-rteFontFace-8\">A rentabilidade obtida no passado n\u00e3o representa garantia de rentabilidade futura.<\/span><\/p>\n<p><span class=\"ms-rteFontFace-8\">\u00c9 recomendada a leitura cuidadosa do prospecto e regulamento do fundo de investimento pelo investidor ao aplicar seus recursos.<\/span><\/p>\n<p><span class=\"ms-rteFontFace-8\">Os investidores devem estar preparados para aceitar os riscos inerentes aos diversos mercados em que os fundos atuam e, consequentemente, poss\u00edveis varia\u00e7\u00f5es no patrim\u00f4nio investido.<\/span><\/p>\n<p><span class=\"ms-rteFontFace-8\">Os produtos e servi\u00e7os aqui mencionados podem n\u00e3o estar dispon\u00edveis em todas as jurisdi\u00e7\u00f5es ou para determinadas categorias de investidores. Adicionalmente, a legisla\u00e7\u00e3o e regulamenta\u00e7\u00e3o de prote\u00e7\u00e3o a investidores de determinadas jurisdi\u00e7\u00f5es\/pa\u00edses, pode n\u00e3o se aplicar a produtos e servi\u00e7os registrados em outras jurisdi\u00e7\u00f5es\/pa\u00edses, sujeitos \u00e0 legisla\u00e7\u00e3o e regulamenta\u00e7\u00e3o respectivamente aplic\u00e1veis, al\u00e9m de previs\u00f5es contratuais espec\u00edficas.<\/span><\/p>\n","protected":false},"excerpt":{"rendered":"<p>Fundos de investimento n\u00e3o contam com garantia do administrador do fundo, do gestor da carteira, de qualquer mecanismo de seguro ou, ainda, do fundo garantidor de cr\u00e9ditos &#8211; FGC. A rentabilidade obtida no passado n\u00e3o representa garantia de rentabilidade futura. \u00c9 recomendada a leitura cuidadosa do prospecto e regulamento do fundo de investimento pelo investidor [&hellip;]<\/p>\n","protected":false},"author":1,"featured_media":0,"parent":0,"menu_order":0,"comment_status":"open","ping_status":"open","template":"","meta":[],"_links":{"self":[{"href":"https:\/\/finaxis.com.br\/en\/wp-json\/wp\/v2\/pages\/1301"}],"collection":[{"href":"https:\/\/finaxis.com.br\/en\/wp-json\/wp\/v2\/pages"}],"about":[{"href":"https:\/\/finaxis.com.br\/en\/wp-json\/wp\/v2\/types\/page"}],"author":[{"embeddable":true,"href":"https:\/\/finaxis.com.br\/en\/wp-json\/wp\/v2\/users\/1"}],"replies":[{"embeddable":true,"href":"https:\/\/finaxis.com.br\/en\/wp-json\/wp\/v2\/comments?post=1301"}],"version-history":[{"count":0,"href":"https:\/\/finaxis.com.br\/en\/wp-json\/wp\/v2\/pages\/1301\/revisions"}],"wp:attachment":[{"href":"https:\/\/finaxis.com.br\/en\/wp-json\/wp\/v2\/media?parent=1301"}],"curies":[{"name":"wp","href":"https:\/\/api.w.org\/{rel}","templated":true}]}}